{"id":112,"date":"2025-08-03T00:17:51","date_gmt":"2025-08-02T22:17:51","guid":{"rendered":"http:\/\/www.nitriansky.cz\/zpracovani-osobnich-udaju\/"},"modified":"2025-08-05T17:17:32","modified_gmt":"2025-08-05T15:17:32","slug":"verarbeitung-personenbezogener-daten","status":"publish","type":"page","link":"https:\/\/www.nitriansky.cz\/de\/verarbeitung-personenbezogener-daten\/","title":{"rendered":"Verarbeitung personenbezogener Daten"},"content":{"rendered":"\n<p>Lesen Sie, wie wir Ihre Daten gem\u00e4\u00df der Datenschutz-Grundverordnung (DSGVO) verarbeiten.<\/p>\n\n\n\n<h2 class=\"wp-block-heading\"><strong>Wer erfasst Ihre personenbezogenen Daten?<\/strong><\/h2>\n\n\n\n<p>Mgr. et Mgr. Igor Nitriansk\u00fd<br>I\u010cO: 046 63 403<br>Mit Sitz in Kosteln\u00ed n\u00e1m\u011bst\u00ed 16, 383 01 Prachatice<br>Kontakt-E-mail: <a href=\"mailto:i.nitriansky@advokatiprachatice.cz\">i.nitriansky@advokatiprachatice.cz<\/a><\/p>\n\n\n\n<h2 class=\"wp-block-heading\"><strong>Welche Daten werden erfasst und warum<\/strong><\/h2>\n\n\n\n<p><strong>Kontaktformular<\/strong><br>Im Kontaktformular erfassen wir Ihren Namen und Ihre E-Mail-Adresse, damit wir Ihre Fragen im Rahmen der zuk\u00fcnftigen Vertragserf\u00fcllung beantworten k\u00f6nnen.<\/p>\n\n\n\n<h2 class=\"wp-block-heading\">Automatische Speicherung nicht personenbezogener Daten<\/h2>\n\n\n\n<p>Wenn Sie unsere Website besuchen, speichern wir aus administrativen und technischen Gr\u00fcnden bestimmte Informationen. Dabei handelt es sich um: den Typ und die Version des verwendeten Browsers, das Datum und die Uhrzeit des Zugriffs sowie die IP-Adresse.<\/p>\n\n\n\n<p>Diese Daten sind anonym und werden nur zu statistischen Zwecken oder zur Verbesserung unserer Internet- und Online-Dienste verwendet.<\/p>\n\n\n\n<p>Diese anonymen Daten werden dann auf gesicherten Systemen \u2013 getrennt von personenbezogenen Daten \u2013 gespeichert und k\u00f6nnen keiner Person zugeordnet werden. Das bedeutet, dass Ihre personenbezogenen Daten stets gesch\u00fctzt sind.<\/p>\n\n\n\n<h2 class=\"wp-block-heading\">Wie lange werden die Daten gespeichert?<\/h2>\n\n\n\n<p><strong>Kontaktformular:<\/strong>\u00a0f\u00fcr die Dauer der Zusammenarbeit mit dem Kunden<\/p>\n\n\n\n<h2 class=\"wp-block-heading\">Wer verarbeitet die personenbezogenen Daten?<\/h2>\n\n\n\n<p>Der Verarbeiter dieser Daten ist::<br>Mgr. et Mgr. Igor Nitriansk\u00fd (I\u010cO: 04663403, mit Sitz in Kosteln\u00ed n\u00e1m\u011bst\u00ed 16, 383 01 Prachatice), der diese Website betreibt.<\/p>\n\n\n\n<h2 class=\"wp-block-heading\">Cookies<\/h2>\n\n\n\n<p>Die Website verwendet Cookies und andere damit verbundene Technologien. Diese Dateien werden auch von Dritten eingef\u00fcgt. Im folgenden Dokument informieren wir Sie \u00fcber die Verwendung von Cookies auf unserer Website.<\/p>\n\n\n\n<p><a href=\"http:\/\/www.nitriansky.cz\/de\/cookies\/\" target=\"_blank\" rel=\"noopener\" title=\"Cookies\">Mehr \u00fcber Cookies<\/a><\/p>\n\n\n\n<h2 class=\"wp-block-heading\">Was sind Ihre Rechte?<\/h2>\n\n\n\n<ul class=\"wp-block-list\">\n<li>Sie haben das Recht, zu fragen, welche Daten wir zu welchem Zweck, in welchem Umfang, wie lange und wer Zugriff darauf hat, verarbeiten.<\/li>\n\n\n\n<li>Sie k\u00f6nnen die Berichtigung oder L\u00f6schung dieser Daten verlangen.<\/li>\n<\/ul>\n\n\n\n<h2 class=\"wp-block-heading\">An wen Sie sich wenden k\u00f6nnen<\/h2>\n\n\n\n<p>Wenn Sie der Meinung sind, dass wir Ihre Daten unter Versto\u00df gegen die geltenden Rechtsvorschriften verarbeiten, kontaktieren Sie uns bitte.<br>Wenn Sie mit der L\u00f6sung Ihrer Beschwerde nicht zufrieden sind, k\u00f6nnen Sie eine Beschwerde bei der Datenschutzbeh\u00f6rde einreichen.<\/p>\n\n\n\n<p>Diese Datenschutzrichtlinie ist g\u00fcltig und wirksam ab dem 4. 8. 2025<\/p>\n\n\n\n<p><\/p>\n","protected":false},"excerpt":{"rendered":"<p>Lesen Sie, wie wir Ihre Daten gem\u00e4\u00df der Datenschutz-Grundverordnung (DSGVO) verarbeiten. Wer erfasst Ihre personenbezogenen Daten? Mgr. et Mgr. Igor&#8230;<\/p>\n","protected":false},"author":1,"featured_media":0,"parent":0,"menu_order":0,"comment_status":"closed","ping_status":"closed","template":"","meta":{"_acf_changed":false,"inline_featured_image":false,"footnotes":""},"class_list":["post-112","page","type-page","status-publish","hentry"],"acf":[],"aioseo_notices":[],"_links":{"self":[{"href":"https:\/\/www.nitriansky.cz\/de\/wp-json\/wp\/v2\/pages\/112","targetHints":{"allow":["GET"]}}],"collection":[{"href":"https:\/\/www.nitriansky.cz\/de\/wp-json\/wp\/v2\/pages"}],"about":[{"href":"https:\/\/www.nitriansky.cz\/de\/wp-json\/wp\/v2\/types\/page"}],"author":[{"embeddable":true,"href":"https:\/\/www.nitriansky.cz\/de\/wp-json\/wp\/v2\/users\/1"}],"replies":[{"embeddable":true,"href":"https:\/\/www.nitriansky.cz\/de\/wp-json\/wp\/v2\/comments?post=112"}],"version-history":[{"count":1,"href":"https:\/\/www.nitriansky.cz\/de\/wp-json\/wp\/v2\/pages\/112\/revisions"}],"predecessor-version":[{"id":114,"href":"https:\/\/www.nitriansky.cz\/de\/wp-json\/wp\/v2\/pages\/112\/revisions\/114"}],"wp:attachment":[{"href":"https:\/\/www.nitriansky.cz\/de\/wp-json\/wp\/v2\/media?parent=112"}],"curies":[{"name":"wp","href":"https:\/\/api.w.org\/{rel}","templated":true}]}}