{"id":109,"date":"2025-08-03T00:17:42","date_gmt":"2025-08-02T22:17:42","guid":{"rendered":"http:\/\/www.nitriansky.cz\/cookies\/"},"modified":"2025-08-25T22:52:09","modified_gmt":"2025-08-25T20:52:09","slug":"cookies","status":"publish","type":"page","link":"https:\/\/www.nitriansky.cz\/de\/cookies\/","title":{"rendered":"Cookies"},"content":{"rendered":"\n<p>Die nat\u00fcrliche Person Mgr. IGOR NITRIANSK\u00dd, I\u010cO: 046 63 403, mit Sitz in Kosteln\u00ed n\u00e1m\u011bst\u00ed 16, 383 01 Prachatice, eingetragen im Anwaltsverzeichnis der Tschechischen Anwaltskammer, betreibt die Website www.nitriansky.cz, die Cookies verwendet.<\/p>\n\n\n\n<p>Nachstehend finden Sie weitere Informationen zu den verwendeten Cookies und zu den M\u00f6glichkeiten, diese abzulehnen.<\/p>\n\n\n\n<h2 class=\"wp-block-heading\">Was sind Cookies?<\/h2>\n\n\n\n<p>Cookies sind kleine Textdateien, die von Websites verwendet werden k\u00f6nnen, um die Benutzererfahrung effizienter zu gestalten. Das Gesetz besagt, dass wir Cookies auf Ihrem Ger\u00e4t speichern d\u00fcrfen, wenn sie f\u00fcr den Betrieb dieser Website unbedingt erforderlich sind. F\u00fcr alle anderen Arten von Cookies ben\u00f6tigen wir Ihre Zustimmung. Diese Website verwendet verschiedene Arten von Cookies. Einige Cookies werden von Drittanbietern gesetzt, die auf unserer Website erscheinen. Sie k\u00f6nnen Ihre Zustimmung jederzeit \u00fcber die Cookie-Leiste in der unteren rechten Ecke unserer Website \u00e4ndern oder widerrufen.<\/p>\n\n\n\n<h2 class=\"wp-block-heading\">Verwendung von Cookies<\/h2>\n\n\n\n<p>Cookies k\u00f6nnen auch nach dem Zweck, f\u00fcr den sie verwendet werden, in Kategorien unterteilt werden:<\/p>\n\n\n\n<p><strong>Notwendige Cookies = Sicherstellung grundlegender Funktionen<\/strong><\/p>\n\n\n\n<p>Notwendige Cookies tragen dazu bei, dass die Website nutzbar ist, indem sie grundlegende Funktionen wie die Navigation auf der Website und den Zugriff auf gesicherte Bereiche der Website erm\u00f6glichen. Ohne diese Cookies kann die Website nicht ordnungsgem\u00e4\u00df funktionieren.<\/p>\n\n\n\n<p><strong>Pr\u00e4ferenz-Cookies = mehr Komfort f\u00fcr Sie<\/strong><\/p>\n\n\n\n<p>Pr\u00e4ferenz-Cookies erm\u00f6glichen es einer Website, Informationen zu speichern, die das Verhalten oder das Aussehen der Website ver\u00e4ndern. Dazu geh\u00f6ren beispielsweise die bevorzugte Sprache oder die Region, in der Sie sich befinden.<\/p>\n\n\n\n<p><strong>Analytische Cookies = besseres Serviceangebot<\/strong><\/p>\n\n\n\n<p>Analytische Cookies helfen uns zu verstehen, wie Sie die Website nutzen. Anhand der gemessenen Daten erkennen wir, was wir verbessern k\u00f6nnen. F\u00fcr Sie bedeutet dies ein besseres Einkaufserlebnis.<\/p>\n\n\n\n<p><strong>Marketing-Cookies = relevante Werbung<\/strong><\/p>\n\n\n\n<p>Marketing-Cookies erm\u00f6glichen es uns und unseren Werbepartnern, die Relevanz unserer Aktionen und Kampagnen, die wir Ihnen anbieten, zu erh\u00f6hen.<\/p>\n\n\n\n<h2 class=\"wp-block-heading\">Derzeit verwendete Cookies<\/h2>\n\n\n\n<p><strong>Notwendige Cookies<\/strong><\/p>\n\n\n\n<figure class=\"wp-block-table\"><table class=\"has-fixed-layout\"><tbody><tr><td>Cookie-Name<\/td><td>Zweck\/Funktion<\/td><td>G\u00fcltigkeit<\/td><td>Anbieter<\/td><\/tr><tr><td>_grecaptcha<\/td><td><br>Sicherheitscookie \u2013 sch\u00fctzt die Website vor Spam und Bots.<\/td><td>Dauerhaft<\/td><td>Google reCAPTCHA<\/td><\/tr><tr><td>rc::a<\/td><td>Wird vom Google reCAPTCHA-Dienst verwendet, um Bots zu erkennen.<\/td><td>Dauerhaft<\/td><td>Google reCAPTCHA<\/td><\/tr><tr><td>rc::b<\/td><td>Wird vom Google reCAPTCHA-Dienst verwendet, um Bots zu erkennen.<\/td><td>Sitzung<\/td><td>Google reCAPTCHA<\/td><\/tr><tr><td>rc::c<\/td><td>Wird vom Google reCAPTCHA-Dienst verwendet, um Bots zu erkennen.<\/td><td>Sitzung<\/td><td>Google reCAPTCHA<\/td><\/tr><tr><td>cmplz_functional<\/td><td>Speichert die Zustimmung des Nutzers f\u00fcr funktionale (notwendige) Cookies.<\/td><td>1 Jahr<\/td><td>Complianz<\/td><\/tr><\/tbody><\/table><\/figure>\n\n\n\n<p><strong>Pr\u00e4ferenz-Cookies<\/strong><\/p>\n\n\n\n<figure class=\"wp-block-table\"><table class=\"has-fixed-layout\"><tbody><tr><td>Cookie-Name<\/td><td>Zweck\/Funktion<\/td><td>G\u00fcltigkeit<\/td><td>Anbieter<\/td><\/tr><tr><td>Adobe Fonts API<\/td><td>Erm\u00f6glicht das Laden von Schriftarten \u00fcber die Adobe Fonts API.<\/td><td>Dauerhaft<\/td><td>Adobe<\/td><\/tr><tr><td>cmplz_preferences<\/td><td>Speichert die Zustimmung des Nutzers f\u00fcr Pr\u00e4ferenz-Cookies.<\/td><td>1 Jahr<\/td><td>Complianz<\/td><\/tr><\/tbody><\/table><\/figure>\n\n\n\n<p><strong>Analytische Cookies<\/strong><\/p>\n\n\n\n<figure class=\"wp-block-table\"><table class=\"has-fixed-layout\"><tbody><tr><td>Cookie-Name<\/td><td>Zweck\/Funktion<\/td><td>G\u00fcltigkeit<\/td><td>Anbieter<\/td><\/tr><tr><td>_ga<\/td><td>Wird von Google Analytics verwendet, um Benutzer zu unterscheiden.<\/td><td>2 Jahre<\/td><td>Google Analytics<\/td><\/tr><tr><td><em>ga<\/em>*<\/td><td>Wird von Google Analytics verwendet, um Sitzungsstatus zu speichern.<\/td><td>2 Jahre<\/td><td>Google Analytics<\/td><\/tr><tr><td>cmplz_statistics<\/td><td>Speichert die Zustimmung des Nutzers f\u00fcr Analyse-Cookies.<\/td><td>1 Jahr<\/td><td>Complianz<\/td><\/tr><\/tbody><\/table><\/figure>\n\n\n\n<p><\/p>\n","protected":false},"excerpt":{"rendered":"<p>Die nat\u00fcrliche Person Mgr. IGOR NITRIANSK\u00dd, I\u010cO: 046 63 403, mit Sitz in Kosteln\u00ed n\u00e1m\u011bst\u00ed 16, 383 01 Prachatice, eingetragen&#8230;<\/p>\n","protected":false},"author":1,"featured_media":0,"parent":0,"menu_order":0,"comment_status":"closed","ping_status":"closed","template":"","meta":{"_acf_changed":false,"inline_featured_image":false,"footnotes":""},"class_list":["post-109","page","type-page","status-publish","hentry"],"acf":[],"aioseo_notices":[],"_links":{"self":[{"href":"https:\/\/www.nitriansky.cz\/de\/wp-json\/wp\/v2\/pages\/109","targetHints":{"allow":["GET"]}}],"collection":[{"href":"https:\/\/www.nitriansky.cz\/de\/wp-json\/wp\/v2\/pages"}],"about":[{"href":"https:\/\/www.nitriansky.cz\/de\/wp-json\/wp\/v2\/types\/page"}],"author":[{"embeddable":true,"href":"https:\/\/www.nitriansky.cz\/de\/wp-json\/wp\/v2\/users\/1"}],"replies":[{"embeddable":true,"href":"https:\/\/www.nitriansky.cz\/de\/wp-json\/wp\/v2\/comments?post=109"}],"version-history":[{"count":3,"href":"https:\/\/www.nitriansky.cz\/de\/wp-json\/wp\/v2\/pages\/109\/revisions"}],"predecessor-version":[{"id":142,"href":"https:\/\/www.nitriansky.cz\/de\/wp-json\/wp\/v2\/pages\/109\/revisions\/142"}],"wp:attachment":[{"href":"https:\/\/www.nitriansky.cz\/de\/wp-json\/wp\/v2\/media?parent=109"}],"curies":[{"name":"wp","href":"https:\/\/api.w.org\/{rel}","templated":true}]}}